{"id":2,"date":"2014-09-22T10:44:41","date_gmt":"2014-09-22T10:44:41","guid":{"rendered":"https:\/\/www.gruenert-it-web.de\/?page_id=2"},"modified":"2016-11-24T01:04:15","modified_gmt":"2016-11-23T23:04:15","slug":"startseite","status":"publish","type":"page","link":"https:\/\/www.gruenert-it-web.de\/vi\/","title":{"rendered":"GR\u00dcNERT IT &#038; WEB &#8211; \u0111\u1ed1i t\u00e1c c\u1ee7a b\u1ea1n \u1edf Leipzig"},"content":{"rendered":"<p><strong>\u0110i\u1ec1u th\u00fa v\u1ecb nh\u1ea5t tr\u00ean Internet: M\u1ecdi th\u1ee9 lu\u00f4n c\u00f3 th\u1ec3 \u0111\u01b0\u1ee3c l\u00e0m t\u1ed1t h\u01a1n l\u00e0 b\u1ea1n ngh\u0129.<\/strong><\/p>\n<p>\u00a0<\/p>\n<p>Trong th\u1eddi \u0111\u1ea1i ng\u00e0y nay, xu\u1ea5t hi\u1ec7n tr\u00ean m\u1ea1ng l\u00e0 m\u1ed9t \u0111i\u1ec1u b\u1eaft bu\u1ed9c. T\u00ecm th\u1ea5y v\u00e0 \u0111\u01b0\u1ee3c t\u00ecm th\u1ea5y \u1edf tr\u00ean m\u1ea1ng s\u1ebd \u0111em l\u1ea1i hi\u1ec7u qu\u1ea3 c\u0169ng nh\u01b0 s\u1ef1 th\u00e0nh c\u00f4ng trong doanh nghi\u1ec7p c\u1ee7a b\u1ea1n.<\/p>\n<p>Ch\u00fang ta \u0111ang s\u1ed1ng trong 2 th\u1ebf gi\u1edbi: th\u1ebf gi\u1edbi th\u1ef1c v\u00e0 th\u1ebf gi\u1edbi \u1ea3o internet. N\u1ebfu b\u1ed9 m\u1eb7t c\u1ee7a doanh nghi\u1ec7p ngo\u00e0i th\u1ebf gi\u1edbi th\u1ef1c l\u00e0 tr\u1ee5 s\u1edf, v\u0103n ph\u00f2ng, v\u1ecb tr\u00ed \u0111\u1ecba l\u00fd, b\u1ed9 Broch\u00fcre, t\u1edd r\u01a1i Flyer hay danh thi\u1ebfp, th\u00ec b\u1ed9 m\u1eb7t c\u1ee7a doanh nghi\u1ec7p tr\u00ean internet l\u00e0 website . T\u1ea5t c\u1ea3 nh\u1eefng g\u00ec kh\u00e1ch h\u00e0ng bi\u1ebft v\u1ec1 b\u1ea1n tr\u00ean internet s\u1ebd t\u1eadp trung v\u00e0o website c\u1ee7a b\u1ea1n. M\u00e0u s\u1eafc, phong c\u00e1ch, t\u00ednh n\u0103ng, n\u1ed9i dung tr\u00ean website s\u1ebd ph\u1ea3n \u00e1nh \u0111\u01b0\u1ee3c h\u00ecnh \u1ea3nh c\u1ee7a doanh nghi\u1ec7p \u0111\u1ebfn v\u1edbi kh\u00e1ch h\u00e0ng. V\u0103n ph\u00f2ng khang trang ch\u1ee9ng t\u1ecf doanh nghi\u1ec7p ch\u1ea5t l\u01b0\u1ee3ng, website hi\u1ec7n \u0111\u1ea1i, ch\u1ec9nh chu ch\u1ee9ng t\u1ecf doanh nghi\u1ec7p chuy\u00ean nghi\u1ec7p.<\/p>\n<p>3\/4 d\u00e2n s\u1ed1 \u0110\u1ee9c s\u1eed d\u1ee5ng internet. Khi c\u00f3 b\u1ea5t c\u1ee9 nhu c\u1ea7u g\u00ec, h\u1ecd s\u1ebd d\u00f9ng Google t\u00ecm ki\u1ebfm, chat h\u1ecfi b\u1ea1n b\u00e8, d\u00f9ng Facebook \u0111\u1ec3 tham kh\u1ea3o th\u00f4ng tin. Do \u0111\u00f3, n\u1ebfu b\u1ea1n kh\u00f4ng c\u00f3 website hay kh\u00f4ng \u0111\u01b0a nh\u1eefng th\u00f4ng tin v\u1ec1 doanh nghi\u1ec7p c\u1ee7a b\u1ea1n l\u00ean c\u00e1c ph\u01b0\u01a1ng ti\u1ec7n truy\u1ec1n th\u00f4ng tr\u1ef1c tuy\u1ebfn (v\u00ed d\u1ee5 nh\u01b0 Facebook) th\u00ec b\u1ea1n s\u1ebd g\u1ea7n nh\u01b0 kh\u00f4ng c\u00f3 kh\u1ea3 n\u0103ng ti\u1ebfp c\u1eadn \u0111\u01b0\u1ee3c m\u1ed9t s\u1ed1 l\u01b0\u1ee3ng kh\u00e1ch h\u00e0ng ti\u1ec1m n\u0103ng kh\u1ed5ng l\u1ed3 \u0111ang ng\u00e0y ng\u00e0y l\u1ee5c tung internet \u0111\u1ec3 t\u00ecm th\u00f4ng tin ph\u1ee5c v\u1ee5 cho v\u00f4 s\u1ed1 nhu c\u1ea7u c\u1ee7a h\u1ecd.<\/p>\n<p>V\u1edbi ph\u01b0\u01a1ng ch\u00e2m: &#8220;Gi\u00fap b\u1ea1n \u0111\u01b0\u1ee3c t\u00ecm th\u1ea5y tr\u00ean m\u1ea1ng &#8211;\u00a0\u00a0Th\u00e0nh c\u00f4ng c\u1ee7a b\u1ea1n l\u00e0 th\u00e0nh c\u00f4ng c\u1ee7a ch\u00fang t\u00f4i&#8221; &#8211; C\u00f4ng ty\u00a0Gr\u00fcnert IT &#038; Web l\u00e0 \u0111\u1ed1i t\u00e1c \u0111\u00e1ng tin c\u1eady c\u1ee7a b\u1ea1n khi n\u00f3i \u0111\u1ebfn thi\u1ebft k\u1ebf web, ph\u00e1t tri\u1ec3n web, t\u1ed1i \u01b0u h\u00f3a c\u00f4ng c\u1ee5 t\u00ecm ki\u1ebfm v\u00e0 ti\u1ebfp th\u1ecb tr\u1ef1c tuy\u1ebfn.<\/p>\n<p>Ch\u00fang t\u00f4i kh\u00f4ng ch\u1ec9 ph\u00e1t tri\u1ec3n c\u00e1c trang web hi\u1ec7n \u0111\u1ea1i hay c\u00e1c ph\u01b0\u01a1ng ti\u1ec7n truy\u1ec1n th\u00f4ng tr\u1ef1c tuy\u1ebfn nh\u01b0 Facebook, Twitter, Blog. Ch\u00fang t\u00f4i c\u00f2n qu\u1ea3ng b\u00e1 trang web c\u1ee7a b\u1ea1n, h\u1ed7 tr\u1ee3 b\u1ea1n l\u00e2u d\u00e0i trong qu\u00e1 tr\u00ecnh ch\u0103m s\u00f3c, b\u1ea3o tr\u00ec website, t\u1ed1i \u01b0u h\u00f3a c\u00f4ng c\u1ee5 t\u00ecm ki\u1ebfm v\u00e0 ti\u1ebfp th\u1ecb tr\u1ef1c tuy\u1ebfn \u0111\u1ec3 website c\u0169ng nh\u01b0 doanh nghi\u1ec7p c\u1ee7a b\u1ea1n nhanh ch\u00f3ng \u0111\u01b0\u1ee3c kh\u00e1ch h\u00e0ng t\u00ecm th\u1ea5y!<\/p>","protected":false},"excerpt":{"rendered":"<p>\u0110i\u1ec1u th\u00fa v\u1ecb nh\u1ea5t tr\u00ean Internet: M\u1ecdi th\u1ee9 lu\u00f4n c\u00f3 th\u1ec3 \u0111\u01b0\u1ee3c l\u00e0m t\u1ed1t h\u01a1n l\u00e0 b\u1ea1n ngh\u0129. \u00a0 Trong<\/p>\n<a href=\"https:\/\/www.gruenert-it-web.de\/vi\/\">Continue reading <span class=\"meta-nav\">&rarr;<\/span><\/a>","protected":false},"author":1,"featured_media":0,"parent":0,"menu_order":0,"comment_status":"open","ping_status":"open","template":"page-home.php","meta":[],"_links":{"self":[{"href":"https:\/\/www.gruenert-it-web.de\/vi\/wp-json\/wp\/v2\/pages\/2"}],"collection":[{"href":"https:\/\/www.gruenert-it-web.de\/vi\/wp-json\/wp\/v2\/pages"}],"about":[{"href":"https:\/\/www.gruenert-it-web.de\/vi\/wp-json\/wp\/v2\/types\/page"}],"author":[{"embeddable":true,"href":"https:\/\/www.gruenert-it-web.de\/vi\/wp-json\/wp\/v2\/users\/1"}],"replies":[{"embeddable":true,"href":"https:\/\/www.gruenert-it-web.de\/vi\/wp-json\/wp\/v2\/comments?post=2"}],"version-history":[{"count":22,"href":"https:\/\/www.gruenert-it-web.de\/vi\/wp-json\/wp\/v2\/pages\/2\/revisions"}],"predecessor-version":[{"id":432,"href":"https:\/\/www.gruenert-it-web.de\/vi\/wp-json\/wp\/v2\/pages\/2\/revisions\/432"}],"wp:attachment":[{"href":"https:\/\/www.gruenert-it-web.de\/vi\/wp-json\/wp\/v2\/media?parent=2"}],"curies":[{"name":"wp","href":"https:\/\/api.w.org\/{rel}","templated":true}]}}